{"id":3,"date":"2021-12-29T11:29:35","date_gmt":"2021-12-29T11:29:35","guid":{"rendered":"https:\/\/sanpietro.cambiamarketing.it\/?page_id=3"},"modified":"2022-02-04T09:55:13","modified_gmt":"2022-02-04T09:55:13","slug":"privacy-policy","status":"publish","type":"page","link":"https:\/\/sanpietroapartments.com\/en\/privacy-policy\/","title":{"rendered":"Privacy Policy"},"content":{"rendered":"<div data-elementor-type=\"wp-page\" data-elementor-id=\"3\" class=\"elementor elementor-3\" data-elementor-post-type=\"page\">\n\t\t\t\t\t\t<section class=\"elementor-section elementor-top-section elementor-element elementor-element-4c021c8c elementor-section-boxed elementor-section-height-default elementor-section-height-default\" data-id=\"4c021c8c\" data-element_type=\"section\">\n\t\t\t\t\t\t<div class=\"elementor-container elementor-column-gap-default\">\n\t\t\t\t\t<div class=\"elementor-column elementor-col-100 elementor-top-column elementor-element elementor-element-2c301c97\" data-id=\"2c301c97\" data-element_type=\"column\">\n\t\t\t<div class=\"elementor-widget-wrap elementor-element-populated\">\n\t\t\t\t\t\t<div class=\"elementor-element elementor-element-a2f4843 elementor-widget elementor-widget-heading\" data-id=\"a2f4843\" data-element_type=\"widget\" data-widget_type=\"heading.default\">\n\t\t\t\t<div class=\"elementor-widget-container\">\n\t\t\t\t\t<h2 class=\"elementor-heading-title elementor-size-default\">Privacy Policy<\/h2>\t\t\t\t<\/div>\n\t\t\t\t<\/div>\n\t\t\t\t<div class=\"elementor-element elementor-element-2dd006f elementor-widget elementor-widget-text-editor\" data-id=\"2dd006f\" data-element_type=\"widget\" data-widget_type=\"text-editor.default\">\n\t\t\t\t<div class=\"elementor-widget-container\">\n\t\t\t\t\t\t\t\t\t\n<p><strong>Introduzione<\/strong>\u00a0GEST. TUR. di Daneri e C. SNC considera molto seriamente la privacy dell\u2019utente e si impegna al rispetto della stessa. La presente privacy policy (\u201cPrivacy Policy\u201d) pertanto descrive le attivit\u00e0 di trattamento di dati personali realizzate dalla Societ\u00e0 tramite il sito web nuovogarden.com e i relativi impegni assunti in tal senso dalla Societ\u00e0. La Societ\u00e0 pu\u00f2 trattare i dati personali dell\u2019utente quando questi visita il Sito e utilizza i servizi e le funzionalit\u00e0 presenti sul Sito. Nelle sezioni del Sito in cui sono raccolti i dati personali dell\u2019utente \u00e8 normalmente pubblicata una specifica informativa ai sensi dell\u2019art. 13 del Decreto Legislativo n. 196\/2003 e successive modifiche e integrazioni (\u201cCodice Privacy\u201d). Ad ogni modo, la Privacy Policy integra e\/o costituisce informativa agli interessati ai sensi dell\u2019art. 13 del Codice Privacy. Ove previsto dal Codice Privacy, sar\u00e0 richiesto il consenso dell\u2019utente prima di procedere al trattamento dei suoi dati personali. Se l\u2019utente fornisce dati personali di terzi, deve provvedere affinch\u00e9 la comunicazione dei dati alla Societ\u00e0 e il successivo trattamento per le finalit\u00e0 specificate nell\u2019informativa privacy applicabile sia conforme al Codice Privacy e alla normativa applicabile, per cui ad esempio l\u2019utente pu\u00f2 fornire dati personali di terzi solo dopo averli debitamente informati e aver ricevuto il consenso al trattamento.\u00a0<strong>Titolare e Responsabile del trattamento<\/strong>\u00a0Il Titolare del trattamento \u00e8 GEST. TUR. di Daneri e C. SNC, con sede in Corso Italia, 6 \u2013 19015\u00a0Levanto (SP)\u00a0\u2013 Italia, Tel. +39 0187 808173, e-mail: info@nuovogarden.com. Il Responsabile del trattamento \u00e8 Damiano Cassola (Propriet\u00e0), domiciliato per l\u2019incarico presso la sede della societ\u00e0 sopra indicata.\u00a0<strong>Tipi di dati trattati<\/strong>\u00a0La visita e la consultazione del Sito non comportano in genere raccolta e trattamento dei dati personali dell\u2019utente salvo che per i dati di navigazione e i cookie come di seguito specificato. In aggiunta ai cosiddetti \u201cdati di navigazione\u201d (vedasi oltre), potranno essere oggetto di trattamento dati personali volontariamente forniti dall\u2019utente quando questi interagisce con le funzionalit\u00e0 del Sito o chiede di fruire dei servizi offerti sul Sito. Nel rispetto del Codice Privacy, la Societ\u00e0 potrebbe altres\u00ec raccogliere i dati personali dell\u2019utente presso terzi nello svolgimento della propria attivit\u00e0.\u00a0<strong>Dati di navigazione e Cookie<\/strong>\u00a0Il trattamento di dati personali degli utenti che visitano il Sito si limita ai dati di navigazione, cio\u00e8 quelli per i quali la trasmissione al Sito \u00e8 necessaria per il funzionamento dei sistemi informatici preposti alla gestione del Sito e dei protocolli di comunicazione di Internet. In questa categoria rientrano, ad esempio, gli indirizzi IP o il dominio del computer utilizzato per visitare il Sito e altri parametri relativi al sistema operativo usato dall\u2019utente per connettersi al Sito. La Societ\u00e0 raccoglie questi e altri dati (quali, ad esempio, il numero di visite e il tempo trascorso sul Sito) solo a fini statistici e in forma anonima al fine di controllare il funzionamento del Sito e migliorarne le funzionalit\u00e0. Si tratta di informazioni che non sono raccolte per essere associate ad altre informazioni sugli utenti e identificare questi ultimi; tuttavia tali informazioni per la loro stessa natura possono consentire l\u2019identificazione degli utenti attraverso elaborazioni e associazioni con dati detenuti da terzi. I dati di navigazione sono immediatamente cancellati dopo il trattamento in forma anonima ma potranno essere utilizzati dalla Societ\u00e0 per accertare e individuare gli autori di eventuali reati informatici commessi ai danni del Sito o tramite il Sito. Salva questa eventualit\u00e0, i dati di navigazione sopra descritti sono conservati solo temporaneamente nel rispetto della normativa applicabile. Il Sito utilizza \u201ccookie\u201d. Utilizzando il Sito, l\u2019utente acconsente all\u2019utilizzo dei cookie in conformit\u00e0 con questa Privacy Policy. I cookie sono piccoli file memorizzati sull\u2019hard disk del computer dell\u2019utente. Esistono due macro-categorie di cookie: cookie tecnici e cookie di profilazione. I cookie tecnici sono necessari per il corretto funzionamento di un sito web e per permettere la navigazione dell\u2019utente; senza di essi l\u2019utente potrebbe non essere in grado di visualizzare correttamente le pagine oppure di utilizzare alcuni servizi. I cookie di profilazione hanno il compito di creare profili dell\u2019utente al fine di inviare messaggi pubblicitari in linea con le preferenze manifestate dallo stesso durante la navigazione. I cookie possono inoltre essere classificati come: \u2022 cookie \u201cdi sessione\u201d, i quali vengono cancellati immediatamente alla chiusura del browser di navigazione; \u2022 cookie \u201cpersistenti\u201d, i quali rimangono all\u2019interno del browser per un determinato periodo di tempo. Sono utilizzati, ad esempio, per riconoscere il dispositivo che si collega ad un sito agevolando le operazioni di autenticazione per l\u2019utente; \u2022 cookie \u201cpropri\u201d, generati e gestiti direttamente dal soggetto gestore del sito web sul quale l\u2019utente sta navigando; \u2022 cookie \u201cterze parti\u201d, generati e gestiti da soggetti diversi dal gestore del sito web sul quale l\u2019utente sta navigando.\u00a0<strong>I tipi di cookie utilizzati sul Sito<\/strong>\u00a0Il Sito utilizza le seguenti tipologie di cookie: (i) cookie propri, di sessione e persistenti, necessari per consentire la navigazione sul Sito, per finalit\u00e0 di sicurezza interna e di amministrazione del sistema; (ii) cookie terze parti, di sessione e persistenti, necessari per consentire all\u2019utente di utilizzare elementi multimediali presenti sul Sito, come ad esempio immagini e video; (iii) cookie terze parti, persistenti, utilizzati dal Sito per inviare informazioni statistiche al sistema Google Analytics, attraverso il quale la Societ\u00e0 pu\u00f2 effettuare analisi statistiche degli accessi \/ visite al Sito. I cookie utilizzati perseguono esclusivamente scopi statistici e raccolgono informazioni in forma aggregata. Attraverso una coppia di cookie, di cui uno persistente e l\u2019altro di sessione (con scadenza alla chiusura del browser), Google Analytics salva anche un registro con gli orari di inizio della visita al Sito e di uscita dallo stesso. Si pu\u00f2 impedire a Google il rilevamento dei dati tramite cookie e la successiva elaborazione dei dati scaricando e installando il plug-in per browser dal seguente indirizzo:\u00a0<a href=\"https:\/\/tools.google.com\/dlpage\/gaoptout?hl=it\" target=\"_blank\" rel=\"noreferrer noopener\">http:\/\/tools.google.com\/dlpage\/gaoptout?hl=it<\/a>\u00a0(iv) cookie terze parti, persistenti, utilizzati dal Sito per includere nelle sue pagine i pulsanti di alcuni social-network (Facebook, Twitter e Google+). Selezionando uno di questi pulsanti, l\u2019utente pu\u00f2 pubblicare sulla propria pagina personale del relativo social-network i contenuti della pagina web del Sito che sta visitando. Nella seguente tabella \u00e8 riportato un dettaglio dei cookie presenti sul Sito. Accanto a ciascun cookie terze parti \u00e8 riportato il link alla privacy policy del soggetto, diverso dal gestore del Sito sul quale l\u2019utente sta navigando, che genera e gestisce tali cookie.<\/p>\n\n<figure class=\"wp-block-table\">\n<table>\n<thead>\n<tr>\n<th><span style=\"color: #000000;\">COOKIES<\/span><\/th>\n<th><span style=\"color: #000000;\">TIPOLOGIA<\/span><\/th>\n<th><span style=\"color: #000000;\">FINALIT\u00c0<\/span><\/th>\n<th><span style=\"color: #000000;\">PRIVACY POLICY<\/span><\/th>\n<\/tr>\n<\/thead>\n<tbody>\n<tr>\n<td><span style=\"color: #000000;\">nuovogarden.com<\/span><\/td>\n<td><span style=\"color: #000000;\">Propri \u2013 persistenti e di sessione<\/span><\/td>\n<td><span style=\"color: #000000;\">Cookie necessari per consentire la navigazione sul Sito, per finalit\u00e0 di sicurezza interna e di amministrazione del sistema.<\/span><\/td>\n<td><span style=\"color: #000000;\"><a style=\"color: #000000;\" href=\"https:\/\/www.nuovogarden.com\/privacy-policy-cookie\/\">http:\/\/www.nuovogarden.com\/privacy-policy-cookie\/<\/a><\/span><\/td>\n<\/tr>\n<tr>\n<td><span style=\"color: #000000;\">google.com<\/span><\/td>\n<td><span style=\"color: #000000;\">Terze parti \u2013 persistenti \u2013 profilazione<\/span><\/td>\n<td><span style=\"color: #000000;\">Cookie per il servizio di Google Analytics.<\/span><\/td>\n<td><span style=\"color: #000000;\"><strong>Informativa:<\/strong>\u00a0<a style=\"color: #000000;\" href=\"http:\/\/www.google.com\/policies\/privacy\/\" target=\"_blank\" rel=\"noreferrer noopener\">google.com\/policies\/privacy<\/a>\u00a0<strong>Configurazione:<\/strong>\u00a0<a style=\"color: #000000;\" href=\"https:\/\/tools.google.com\/dlpage\/gaoptout?hl=it\" target=\"_blank\" rel=\"noreferrer noopener\">tools.google.com\/dlpage\/gaoptout?hl=it<\/a><\/span><\/td>\n<\/tr>\n<tr>\n<td><span style=\"color: #000000;\">adwords.google.com<\/span><\/td>\n<td><span style=\"color: #000000;\">Terze parti \u2013 persistenti, di profilazione e di sessione<\/span><\/td>\n<td><span style=\"color: #000000;\">Cookie necessari per la pubblicit\u00e0 ed il remarketing.<\/span><\/td>\n<td><span style=\"color: #000000;\"><a style=\"color: #000000;\" href=\"https:\/\/support.google.com\/adwordspolicy\/answer\/6008942\" target=\"_blank\" rel=\"noreferrer noopener\">support.google.com\/adwordspolicy\/answer\/6008942<\/a><\/span><\/td>\n<\/tr>\n<tr>\n<td><span style=\"color: #000000;\">mailchimp.com<\/span><\/td>\n<td><span style=\"color: #000000;\">Terze parti \u2013 persistenti e di sessione<\/span><\/td>\n<td><span style=\"color: #000000;\">Cookie necessari per la gestione indirizzi e invio di messaggi email.<\/span><\/td>\n<td><a href=\"https:\/\/mailchimp.com\/legal\/privacy\/\" target=\"_blank\" rel=\"noreferrer noopener\">mailchimp.com\/legal\/privacy<\/a><\/td>\n<\/tr>\n<\/tbody>\n<\/table>\n<\/figure>\n\n<p><strong>Come disabilitare i cookie dalle impostazioni del browser<\/strong>\u00a0Il Sito non utilizza cookie per raccogliere informazioni identificative dell\u2019utente; tuttavia, se lo desidera, l\u2019utente pu\u00f2 scegliere di disabilitare l\u2019installazione dei cookie del Sito modificando le impostazioni del browser. Si fa presente che la disabilitazione dei cookie potrebbe comunque limitare la possibilit\u00e0 di usare il Sito e impedire all\u2019utente di beneficiare in pieno delle funzionalit\u00e0 e dei servizi presenti sul Sito. Di seguito sono elencate le modalit\u00e0 di gestione dei cookie dei principali browser. \u2022\u00a0<a href=\"http:\/\/support.google.com\/chrome\/bin\/answer.py?hl=en&amp;hlrm=en&amp;answer=95647\" target=\"_blank\" rel=\"noreferrer noopener\">Chrome<\/a>\u00a0\u2022\u00a0<a href=\"https:\/\/support.mozilla.org\/en-US\/kb\/enable-and-disable-cookies-website-preferences\" target=\"_blank\" rel=\"noreferrer noopener\">Mozilla Firefox<\/a>\u00a0\u2022\u00a0<a href=\"http:\/\/windows.microsoft.com\/en-US\/windows-vista\/Block-or-allow-cookies\" target=\"_blank\" rel=\"noreferrer noopener\">Internet Explorer<\/a>\u00a0\u2022\u00a0<a href=\"http:\/\/www.apple.com\/legal\/privacy\/en-ww\/cookies\" target=\"_blank\" rel=\"noreferrer noopener\">Safari<\/a>\u00a0\u2022\u00a0<a href=\"http:\/\/help.opera.com\/Windows\/10.20\/en\/cookies.html\" target=\"_blank\" rel=\"noreferrer noopener\">Opera<\/a>\u00a0Il Sito potrebbe contenere link ad altri siti (c.d. siti terzi). La Societ\u00e0 non effettua alcun accesso o controllo su cookie, web beacon e altre tecnologie di tracciamento degli utenti che potrebbero essere utilizzate dai siti terzi cui l\u2019utente pu\u00f2 accedere dal Sito; la Societ\u00e0 non effettua alcun controllo su contenuti e materiali pubblicati da o ottenuti attraverso siti terzi, n\u00e9 sulle relative modalit\u00e0 di trattamento dei dati personali dell\u2019utente, ed espressamente declina ogni relativa responsabilit\u00e0 per tali eventualit\u00e0. L\u2019utente \u00e8 tenuto a verificare la privacy policy dei siti terzi cui accede tramite il Sito e ad informarsi circa le condizioni applicabili al trattamento dei propri dati personali. La presente Privacy Policy si applica solo al Sito come sopra definito.\u00a0<strong>Conservazione dei dati personali<\/strong>\u00a0I dati personali sono conservati e trattati attraverso sistemi informatici di propriet\u00e0 della Societ\u00e0 e gestiti dalla Societ\u00e0 o da terzi fornitori di servizi tecnici; per maggiori dettagli si prega di fare riferimento alla sezione \u201cAmbito di accessibilit\u00e0 dei dati personali\u201d che segue. I dati sono trattati esclusivamente da personale specificamente autorizzato, incluso il personale incaricato di svolgere operazioni di manutenzione straordinaria.\u00a0<strong>Finalit\u00e0 e modalit\u00e0 del trattamento<\/strong>\u00a0La Societ\u00e0 pu\u00f2 trattare i dati personali comuni e sensibili dell\u2019utente per le seguenti finalit\u00e0: utilizzo da parte degli utenti di servizi e funzionalit\u00e0 presenti sul Sito, gestione di richieste e segnalazioni da parte dei propri utenti, invio di newsletter, etc. I dati personali sono trattati sia in forma cartacea che elettronica ed immessi nel sistema informativo aziendale nel pieno rispetto del Codice Privacy, compresi i profili di sicurezza e confidenzialit\u00e0 ed ispirandosi ai principi di correttezza e liceit\u00e0 di trattamento. In conformit\u00e0 all\u2019art. 11 del Codice Privacy, i dati sono custoditi e conservati per un arco di tempo non superiore a quello necessario al conseguimento delle specifiche finalit\u00e0 di volta in volta perseguite.\u00a0<strong>Sicurezza e qualit\u00e0 dei dati personali<\/strong>\u00a0La Societ\u00e0 si impegna a proteggere la sicurezza dei dati personali dell\u2019utente e rispetta le disposizioni in materia di sicurezza previste dalla normativa applicabile al fine di evitare perdite di dati, usi illegittimi o illeciti dei dati e accessi non autorizzati agli stessi, con particolare ma non esclusivo riferimento all\u2019Allegato B del Codice Privacy (Disciplinare Tecnico in materia di misure minime di sicurezza). Inoltre, i sistemi informativi e i programmi informatici utilizzati dalla Societ\u00e0 sono configurati in modo da ridurre al minimo l\u2019uso di dati personali e identificativi; tali dati sono trattati solo per il conseguimento delle specifiche finalit\u00e0 di volta in volta perseguite. La Societ\u00e0 utilizza molteplici tecnologie avanzate di sicurezza e procedure atte a favorire la protezione dei dati personali degli utenti; ad esempio, i dati personali sono conservati su server sicuri ubicati in luoghi ad accesso protetto e controllato. L\u2019utente pu\u00f2 aiutare la Societ\u00e0 ad aggiornare e mantenere corretti i propri dati personali comunicando qualsiasi modifica relativa al proprio indirizzo, alla propria qualifica, alle informazioni di contatto, etc.\u00a0<strong>Ambito di accessibilit\u00e0 dei dati personali<\/strong>\u00a0I dati personali dell\u2019utente sono accessibili all\u2019interno della Societ\u00e0 al personale incaricato del trattamento che, in relazione alle proprie mansioni, ha bisogno di trattarli per assolvere alle richieste dell\u2019utente relative all\u2019utilizzo dei servizi e delle funzionalit\u00e0 presenti sul Sito e comunque per quanto concerne le finalit\u00e0 sopra descritte. I dati potranno essere comunicati alle altre aziende del gruppo GEST. TUR. di Daneri e C. SNC. per i medesimi fini e\/o per finalit\u00e0 amministrativo-contabili ai sensi dell\u2019art. 34 comma 1-ter del Codice Privacy e a terzi cui la Societ\u00e0 si rivolge per l\u2019esecuzione di servizi di natura commerciale, professionale e tecnica funzionali alle sopra indicate finalit\u00e0. Fatto salvo quanto sopra, i dati personali dell\u2019utente non sono comunicati a terzi, persone fisiche o giuridiche, n\u00e9 sono diffusi in alcun modo.\u00a0<strong>Natura del conferimento dei dati<\/strong>\u00a0Il conferimento di alcuni dati personali da parte dell\u2019utente \u00e8 obbligatorio per consentire alla Societ\u00e0 di gestire le comunicazioni, le richieste pervenute dall\u2019utente o per ricontattare l\u2019utente stesso per dar seguito alla sua richiesta. Questo tipo di dati sono contrassegnati dal simbolo asterisco [*] ed in tal caso il conferimento \u00e8 obbligatorio per consentire alla Societ\u00e0 di dar seguito alla richiesta che, in difetto, non potr\u00e0 essere evasa. Al contrario, la raccolta degli altri dati non contrassegnati dall\u2019asterisco \u00e8 facoltativa: il mancato conferimento non comporter\u00e0 alcuna conseguenza per l\u2019utente.\u00a0<strong>Diritti dell\u2019utente<\/strong>\u00a0L\u2019utente pu\u00f2 esercitare in qualsiasi momento i diritti riconosciuti dall\u2019art. 7 del Codice Privacy, compresi il diritto di ottenere la conferma dell\u2019esistenza o meno di dati personali che lo riguardano, verificarne il contenuto, l\u2019origine e l\u2019esattezza, chiederne l\u2019integrazione, l\u2019aggiornamento, la rettificazione, la cancellazione, la trasformazione in forma anonima, il blocco dei dati trattati in violazione di legge, l\u2019opposizione al trattamento dei dati per motivi legittimi. Per qualsiasi richiesta relativa al trattamento dei dati personali da parte della Societ\u00e0, per esercitare i diritti riconosciuti dal Codice Privacy, nonch\u00e9 per conoscere l\u2019elenco aggiornato dei soggetti cui i dati sono accessibili, l\u2019utente pu\u00f2 contattare il Responsabile del trattamento ai recapiti indicati in precedenza.<\/p>\n\t\t\t\t\t\t\t\t<\/div>\n\t\t\t\t<\/div>\n\t\t\t\t\t<\/div>\n\t\t<\/div>\n\t\t\t\t\t<\/div>\n\t\t<\/section>\n\t\t\t\t<\/div>","protected":false},"excerpt":{"rendered":"<p>Privacy Policy Introduzione\u00a0GEST. TUR. di Daneri e C. SNC considera molto seriamente la privacy dell\u2019utente e si impegna al rispetto della stessa. La presente privacy policy (\u201cPrivacy Policy\u201d) pertanto descrive le attivit\u00e0 di trattamento di dati personali realizzate dalla Societ\u00e0 tramite il sito web nuovogarden.com e i relativi impegni assunti in tal senso dalla Societ\u00e0. [&hellip;]<\/p>","protected":false},"author":1,"featured_media":0,"parent":0,"menu_order":0,"comment_status":"closed","ping_status":"open","template":"elementor_header_footer","meta":{"footnotes":""},"class_list":["post-3","page","type-page","status-publish","hentry"],"_links":{"self":[{"href":"https:\/\/sanpietroapartments.com\/en\/wp-json\/wp\/v2\/pages\/3","targetHints":{"allow":["GET"]}}],"collection":[{"href":"https:\/\/sanpietroapartments.com\/en\/wp-json\/wp\/v2\/pages"}],"about":[{"href":"https:\/\/sanpietroapartments.com\/en\/wp-json\/wp\/v2\/types\/page"}],"author":[{"embeddable":true,"href":"https:\/\/sanpietroapartments.com\/en\/wp-json\/wp\/v2\/users\/1"}],"replies":[{"embeddable":true,"href":"https:\/\/sanpietroapartments.com\/en\/wp-json\/wp\/v2\/comments?post=3"}],"version-history":[{"count":19,"href":"https:\/\/sanpietroapartments.com\/en\/wp-json\/wp\/v2\/pages\/3\/revisions"}],"predecessor-version":[{"id":1096,"href":"https:\/\/sanpietroapartments.com\/en\/wp-json\/wp\/v2\/pages\/3\/revisions\/1096"}],"wp:attachment":[{"href":"https:\/\/sanpietroapartments.com\/en\/wp-json\/wp\/v2\/media?parent=3"}],"curies":[{"name":"wp","href":"https:\/\/api.w.org\/{rel}","templated":true}]}}