{"id":136,"date":"2022-01-03T11:20:52","date_gmt":"2022-01-03T11:20:52","guid":{"rendered":"https:\/\/sanpietro.cambiamarketing.it\/?page_id=136"},"modified":"2025-08-24T10:05:50","modified_gmt":"2025-08-24T10:05:50","slug":"borgo-san-pietro","status":"publish","type":"page","link":"https:\/\/sanpietroapartments.com\/en\/borgo-san-pietro\/","title":{"rendered":"Borgo-san-pietro"},"content":{"rendered":"<div data-elementor-type=\"wp-page\" data-elementor-id=\"136\" class=\"elementor elementor-136\" data-elementor-post-type=\"page\">\n\t\t\t\t\t\t<section class=\"elementor-section elementor-top-section elementor-element elementor-element-e9748f2 elementor-section-full_width elementor-section-height-default elementor-section-height-default\" data-id=\"e9748f2\" data-element_type=\"section\" data-settings=\"{&quot;background_background&quot;:&quot;classic&quot;}\">\n\t\t\t\t\t\t\t<div class=\"elementor-background-overlay\"><\/div>\n\t\t\t\t\t\t\t<div class=\"elementor-container elementor-column-gap-default\">\n\t\t\t\t\t<div class=\"elementor-column elementor-col-100 elementor-top-column elementor-element elementor-element-cba122c\" data-id=\"cba122c\" data-element_type=\"column\" data-settings=\"{&quot;background_background&quot;:&quot;classic&quot;}\">\n\t\t\t<div class=\"elementor-widget-wrap elementor-element-populated\">\n\t\t\t\t\t\t<div class=\"elementor-element elementor-element-883a0d5 elementor-widget elementor-widget-heading\" data-id=\"883a0d5\" data-element_type=\"widget\" data-widget_type=\"heading.default\">\n\t\t\t\t<div class=\"elementor-widget-container\">\n\t\t\t\t\t<h2 class=\"elementor-heading-title elementor-size-default\">Borgo San Pietro<\/h2>\t\t\t\t<\/div>\n\t\t\t\t<\/div>\n\t\t\t\t<div class=\"elementor-element elementor-element-476f1c0 elementor-widget elementor-widget-heading\" data-id=\"476f1c0\" data-element_type=\"widget\" data-widget_type=\"heading.default\">\n\t\t\t\t<div class=\"elementor-widget-container\">\n\t\t\t\t\t<h2 class=\"elementor-heading-title elementor-size-default\">We are in Liguria, <br>tied to our land and the traditions <br>that bind us to it<\/h2>\t\t\t\t<\/div>\n\t\t\t\t<\/div>\n\t\t\t\t\t<\/div>\n\t\t<\/div>\n\t\t\t\t\t<\/div>\n\t\t<\/section>\n\t\t\t\t<section class=\"elementor-section elementor-top-section elementor-element elementor-element-a6fed38 elementor-section-full_width elementor-section-height-default elementor-section-height-default\" data-id=\"a6fed38\" data-element_type=\"section\">\n\t\t\t\t\t\t<div class=\"elementor-container elementor-column-gap-default\">\n\t\t\t\t\t<div class=\"elementor-column elementor-col-50 elementor-top-column elementor-element elementor-element-bbce59a\" data-id=\"bbce59a\" data-element_type=\"column\">\n\t\t\t<div class=\"elementor-widget-wrap elementor-element-populated\">\n\t\t\t\t\t\t<div class=\"elementor-element elementor-element-a162b97 elementor-widget elementor-widget-heading\" data-id=\"a162b97\" data-element_type=\"widget\" data-widget_type=\"heading.default\">\n\t\t\t\t<div class=\"elementor-widget-container\">\n\t\t\t\t\t<h2 class=\"elementor-heading-title elementor-size-default\">HISTORY OF Borgo San Pietro<\/h2>\t\t\t\t<\/div>\n\t\t\t\t<\/div>\n\t\t\t\t<div class=\"elementor-element elementor-element-fa7cf5c elementor-widget elementor-widget-heading\" data-id=\"fa7cf5c\" data-element_type=\"widget\" data-widget_type=\"heading.default\">\n\t\t\t\t<div class=\"elementor-widget-container\">\n\t\t\t\t\t<h2 class=\"elementor-heading-title elementor-size-default\">We have received from our ancestors a portion of paradise<\/h2>\t\t\t\t<\/div>\n\t\t\t\t<\/div>\n\t\t\t\t<div class=\"elementor-element elementor-element-55dc981 elementor-widget elementor-widget-text-editor\" data-id=\"55dc981\" data-element_type=\"widget\" data-widget_type=\"text-editor.default\">\n\t\t\t\t<div class=\"elementor-widget-container\">\n\t\t\t\t\t\t\t\t\t<p>La propriet\u00e0 si estende ai limiti della macchia mediterranea e comprende un ampio uliveto, una vasta zona riservata agli alberi da frutto e vaste zone di prativo, un tempo foraggio per gli animali. Il canneto nasconde una polla d\u2019acqua sorgiva nei pressi della quale in primavera si possono raccogliere le prelibate erbette spontanee chiamate \u201cprebuggiun\u201d.<\/p><p>L\u2019 insediamento era costituito da alcune case coloniche ultracentenarie ma che mai avevano smesso di svolgere la loro funzione agricolo-pastorale, quando si sent\u00ec la necessit\u00e0 di provvedere ad una totale ristrutturazione. Il corpo centrale \u00e8 stato cos\u00ec suddiviso in appartamenti, si \u00e8 provveduto a dotare ognuno di un spaziosa area all\u2019aperto in parte lastricata in parte lasciata alla natura.<\/p><p>All\u2019incantesimo dei colori e delle luci del sole e della notte mancava solo lo scintillio dell\u2019acqua, e cos\u00ec \u00e8 stata costruita la piscina.<\/p><p>L\u2019impegno non \u00e8 ancora terminato, molti sono ancora i lavori in programma, aspettiamo i vostri suggerimenti. Adesso non ci resta che augurarvi Buona vacanza!<\/p>\t\t\t\t\t\t\t\t<\/div>\n\t\t\t\t<\/div>\n\t\t\t\t\t<\/div>\n\t\t<\/div>\n\t\t\t\t<div class=\"elementor-column elementor-col-50 elementor-top-column elementor-element elementor-element-611df50\" data-id=\"611df50\" data-element_type=\"column\" data-settings=\"{&quot;background_background&quot;:&quot;classic&quot;}\">\n\t\t\t<div class=\"elementor-widget-wrap elementor-element-populated\">\n\t\t\t\t\t\t<div class=\"elementor-element elementor-element-1b998d9 elementor-widget elementor-widget-spacer\" data-id=\"1b998d9\" data-element_type=\"widget\" data-widget_type=\"spacer.default\">\n\t\t\t\t<div class=\"elementor-widget-container\">\n\t\t\t\t\t\t\t<div class=\"elementor-spacer\">\n\t\t\t<div class=\"elementor-spacer-inner\"><\/div>\n\t\t<\/div>\n\t\t\t\t\t\t<\/div>\n\t\t\t\t<\/div>\n\t\t\t\t\t<\/div>\n\t\t<\/div>\n\t\t\t\t\t<\/div>\n\t\t<\/section>\n\t\t\t\t<section class=\"elementor-section elementor-top-section elementor-element elementor-element-215240d elementor-section-full_width elementor-reverse-mobile elementor-section-height-default elementor-section-height-default\" data-id=\"215240d\" data-element_type=\"section\">\n\t\t\t\t\t\t<div class=\"elementor-container elementor-column-gap-default\">\n\t\t\t\t\t<div class=\"elementor-column elementor-col-50 elementor-top-column elementor-element elementor-element-87e343f\" data-id=\"87e343f\" data-element_type=\"column\" data-settings=\"{&quot;background_background&quot;:&quot;classic&quot;}\">\n\t\t\t<div class=\"elementor-widget-wrap elementor-element-populated\">\n\t\t\t\t\t\t<div class=\"elementor-element elementor-element-cce5803 elementor-widget elementor-widget-spacer\" data-id=\"cce5803\" data-element_type=\"widget\" data-widget_type=\"spacer.default\">\n\t\t\t\t<div class=\"elementor-widget-container\">\n\t\t\t\t\t\t\t<div class=\"elementor-spacer\">\n\t\t\t<div class=\"elementor-spacer-inner\"><\/div>\n\t\t<\/div>\n\t\t\t\t\t\t<\/div>\n\t\t\t\t<\/div>\n\t\t\t\t\t<\/div>\n\t\t<\/div>\n\t\t\t\t<div class=\"elementor-column elementor-col-50 elementor-top-column elementor-element elementor-element-d7b598c\" data-id=\"d7b598c\" data-element_type=\"column\" id=\"azienda\">\n\t\t\t<div class=\"elementor-widget-wrap elementor-element-populated\">\n\t\t\t\t\t\t<div class=\"elementor-element elementor-element-c53e1e6 elementor-widget elementor-widget-heading\" data-id=\"c53e1e6\" data-element_type=\"widget\" data-widget_type=\"heading.default\">\n\t\t\t\t<div class=\"elementor-widget-container\">\n\t\t\t\t\t<h2 class=\"elementor-heading-title elementor-size-default\">Borgo San Pietro<\/h2>\t\t\t\t<\/div>\n\t\t\t\t<\/div>\n\t\t\t\t<div class=\"elementor-element elementor-element-2dc2c47 elementor-widget elementor-widget-heading\" data-id=\"2dc2c47\" data-element_type=\"widget\" data-widget_type=\"heading.default\">\n\t\t\t\t<div class=\"elementor-widget-container\">\n\t\t\t\t\t<h2 class=\"elementor-heading-title elementor-size-default\">The philosophy of the farm <\/h2>\t\t\t\t<\/div>\n\t\t\t\t<\/div>\n\t\t\t\t<div class=\"elementor-element elementor-element-52cbdb7 elementor-widget elementor-widget-text-editor\" data-id=\"52cbdb7\" data-element_type=\"widget\" data-widget_type=\"text-editor.default\">\n\t\t\t\t<div class=\"elementor-widget-container\">\n\t\t\t\t\t\t\t\t\t<p>Our farm philosophy is based on love for the land and respect for the environment. We use sustainable farming techniques that preserve biodiversity and promote healthy soil.<\/p><p>We cultivate our olives with care and dedication, we have minimised harvesting and processing times to ensure an oil with an intense flavour and beneficial properties.  Not only olive trees, we also have a small vineyard, and we will let you taste our honest red wine.<\/p>\t\t\t\t\t\t\t\t<\/div>\n\t\t\t\t<\/div>\n\t\t\t\t\t<\/div>\n\t\t<\/div>\n\t\t\t\t\t<\/div>\n\t\t<\/section>\n\t\t\t\t<section class=\"elementor-section elementor-top-section elementor-element elementor-element-5d8ccae elementor-section-full_width elementor-section-height-default elementor-section-height-default\" data-id=\"5d8ccae\" data-element_type=\"section\">\n\t\t\t\t\t\t<div class=\"elementor-container elementor-column-gap-default\">\n\t\t\t\t\t<div class=\"elementor-column elementor-col-50 elementor-top-column elementor-element elementor-element-4e35354\" data-id=\"4e35354\" data-element_type=\"column\">\n\t\t\t<div class=\"elementor-widget-wrap elementor-element-populated\">\n\t\t\t\t\t\t<div class=\"elementor-element elementor-element-a11da16 elementor-widget elementor-widget-heading\" data-id=\"a11da16\" data-element_type=\"widget\" data-widget_type=\"heading.default\">\n\t\t\t\t<div class=\"elementor-widget-container\">\n\t\t\t\t\t<h2 class=\"elementor-heading-title elementor-size-default\">Products<\/h2>\t\t\t\t<\/div>\n\t\t\t\t<\/div>\n\t\t\t\t<div class=\"elementor-element elementor-element-4ece734 elementor-widget elementor-widget-heading\" data-id=\"4ece734\" data-element_type=\"widget\" data-widget_type=\"heading.default\">\n\t\t\t\t<div class=\"elementor-widget-container\">\n\t\t\t\t\t<h2 class=\"elementor-heading-title elementor-size-default\">Our Products<\/h2>\t\t\t\t<\/div>\n\t\t\t\t<\/div>\n\t\t\t\t<div class=\"elementor-element elementor-element-45231b5 elementor-widget elementor-widget-text-editor\" data-id=\"45231b5\" data-element_type=\"widget\" data-widget_type=\"text-editor.default\">\n\t\t\t\t<div class=\"elementor-widget-container\">\n\t\t\t\t\t\t\t\t\tOur products are born from a passion for nature and a deep respect for plants. Thanks to sustainable agronomic practices, we obtain EVO oil and IGT (Indicazione Geografica Tipica) wines that tell the story of Liguria in every drop and sip.\nThe oil, with its fruity, delicate flavor, and our wines-a fresh, fragrant white and a full-bodied, intense red-are the result of a tradition that celebrates and respects our territory, offering an authentic and unforgettable experience.\n\t\t\t\t\t\t\t\t<\/div>\n\t\t\t\t<\/div>\n\t\t\t\t\t<\/div>\n\t\t<\/div>\n\t\t\t\t<div class=\"elementor-column elementor-col-50 elementor-top-column elementor-element elementor-element-53b95cb\" data-id=\"53b95cb\" data-element_type=\"column\" data-settings=\"{&quot;background_background&quot;:&quot;classic&quot;}\">\n\t\t\t<div class=\"elementor-widget-wrap elementor-element-populated\">\n\t\t\t\t\t\t<div class=\"elementor-element elementor-element-f7cd47c elementor-widget elementor-widget-spacer\" data-id=\"f7cd47c\" data-element_type=\"widget\" data-widget_type=\"spacer.default\">\n\t\t\t\t<div class=\"elementor-widget-container\">\n\t\t\t\t\t\t\t<div class=\"elementor-spacer\">\n\t\t\t<div class=\"elementor-spacer-inner\"><\/div>\n\t\t<\/div>\n\t\t\t\t\t\t<\/div>\n\t\t\t\t<\/div>\n\t\t\t\t\t<\/div>\n\t\t<\/div>\n\t\t\t\t\t<\/div>\n\t\t<\/section>\n\t\t\t\t<section class=\"elementor-section elementor-top-section elementor-element elementor-element-9f76f45 elementor-section-full_width elementor-section-height-default elementor-section-height-default\" data-id=\"9f76f45\" data-element_type=\"section\">\n\t\t\t\t\t\t<div class=\"elementor-container elementor-column-gap-default\">\n\t\t\t\t\t<div class=\"elementor-column elementor-col-33 elementor-top-column elementor-element elementor-element-17d6cca\" data-id=\"17d6cca\" data-element_type=\"column\">\n\t\t\t<div class=\"elementor-widget-wrap elementor-element-populated\">\n\t\t\t\t\t\t<div class=\"elementor-element elementor-element-47da166 elementor-widget elementor-widget-image\" data-id=\"47da166\" data-element_type=\"widget\" data-widget_type=\"image.default\">\n\t\t\t\t<div class=\"elementor-widget-container\">\n\t\t\t\t\t\t\t\t\t\t\t\t\t\t\t<img fetchpriority=\"high\" decoding=\"async\" width=\"800\" height=\"1000\" src=\"https:\/\/sanpietroapartments.com\/wp-content\/uploads\/2025\/08\/DSC05774-819x1024.jpg\" class=\"attachment-large size-large wp-image-22217\" alt=\"\" srcset=\"https:\/\/sanpietroapartments.com\/wp-content\/uploads\/2025\/08\/DSC05774-819x1024.jpg 819w, https:\/\/sanpietroapartments.com\/wp-content\/uploads\/2025\/08\/DSC05774-240x300.jpg 240w, https:\/\/sanpietroapartments.com\/wp-content\/uploads\/2025\/08\/DSC05774-768x960.jpg 768w, https:\/\/sanpietroapartments.com\/wp-content\/uploads\/2025\/08\/DSC05774-1229x1536.jpg 1229w, https:\/\/sanpietroapartments.com\/wp-content\/uploads\/2025\/08\/DSC05774-1638x2048.jpg 1638w, https:\/\/sanpietroapartments.com\/wp-content\/uploads\/2025\/08\/DSC05774-10x12.jpg 10w, https:\/\/sanpietroapartments.com\/wp-content\/uploads\/2025\/08\/DSC05774.jpg 1920w\" sizes=\"(max-width: 800px) 100vw, 800px\" \/>\t\t\t\t\t\t\t\t\t\t\t\t\t\t\t<\/div>\n\t\t\t\t<\/div>\n\t\t\t\t<div class=\"elementor-element elementor-element-65e76aa elementor-widget elementor-widget-heading\" data-id=\"65e76aa\" data-element_type=\"widget\" data-widget_type=\"heading.default\">\n\t\t\t\t<div class=\"elementor-widget-container\">\n\t\t\t\t\t<h2 class=\"elementor-heading-title elementor-size-default\">Borgo San Pietro EVO Oil\n\n\n<\/h2>\t\t\t\t<\/div>\n\t\t\t\t<\/div>\n\t\t\t\t<div class=\"elementor-element elementor-element-40878e2 elementor-widget elementor-widget-text-editor\" data-id=\"40878e2\" data-element_type=\"widget\" data-widget_type=\"text-editor.default\">\n\t\t\t\t<div class=\"elementor-widget-container\">\n\t\t\t\t\t\t\t\t\tOur Extra Virgin Olive Oil is the result of agronomic practices that put respect for plants and nature first. The olives, from the Leccino, Razzola, Olivastra and Pignola cultivars, are cold-pressed in our mill to ensure the preservation of their nutritional properties and organoleptic profile.\n Our oil has a fruity and delicate flavor, enriched by notes of almond and apple, with a slight bitter and peppery aftertaste that makes it perfect for any dish\t\t\t\t\t\t\t\t<\/div>\n\t\t\t\t<\/div>\n\t\t\t\t\t<\/div>\n\t\t<\/div>\n\t\t\t\t<div class=\"elementor-column elementor-col-33 elementor-top-column elementor-element elementor-element-15da4b6\" data-id=\"15da4b6\" data-element_type=\"column\">\n\t\t\t<div class=\"elementor-widget-wrap elementor-element-populated\">\n\t\t\t\t\t\t<div class=\"elementor-element elementor-element-ba74aba elementor-widget elementor-widget-image\" data-id=\"ba74aba\" data-element_type=\"widget\" data-widget_type=\"image.default\">\n\t\t\t\t<div class=\"elementor-widget-container\">\n\t\t\t\t\t\t\t\t\t\t\t\t\t\t\t<img decoding=\"async\" width=\"800\" height=\"1000\" src=\"https:\/\/sanpietroapartments.com\/wp-content\/uploads\/2025\/08\/DSC05953-819x1024.jpg\" class=\"attachment-large size-large wp-image-22218\" alt=\"\" srcset=\"https:\/\/sanpietroapartments.com\/wp-content\/uploads\/2025\/08\/DSC05953-819x1024.jpg 819w, https:\/\/sanpietroapartments.com\/wp-content\/uploads\/2025\/08\/DSC05953-240x300.jpg 240w, https:\/\/sanpietroapartments.com\/wp-content\/uploads\/2025\/08\/DSC05953-768x960.jpg 768w, https:\/\/sanpietroapartments.com\/wp-content\/uploads\/2025\/08\/DSC05953-1229x1536.jpg 1229w, https:\/\/sanpietroapartments.com\/wp-content\/uploads\/2025\/08\/DSC05953-1638x2048.jpg 1638w, https:\/\/sanpietroapartments.com\/wp-content\/uploads\/2025\/08\/DSC05953-10x12.jpg 10w, https:\/\/sanpietroapartments.com\/wp-content\/uploads\/2025\/08\/DSC05953.jpg 1920w\" sizes=\"(max-width: 800px) 100vw, 800px\" \/>\t\t\t\t\t\t\t\t\t\t\t\t\t\t\t<\/div>\n\t\t\t\t<\/div>\n\t\t\t\t<div class=\"elementor-element elementor-element-3c7c89e elementor-widget elementor-widget-heading\" data-id=\"3c7c89e\" data-element_type=\"widget\" data-widget_type=\"heading.default\">\n\t\t\t\t<div class=\"elementor-widget-container\">\n\t\t\t\t\t<h2 class=\"elementor-heading-title elementor-size-default\">Borgo San Pietro IGT White Wine\n\n\n<\/h2>\t\t\t\t<\/div>\n\t\t\t\t<\/div>\n\t\t\t\t<div class=\"elementor-element elementor-element-b8ef81f elementor-widget elementor-widget-text-editor\" data-id=\"b8ef81f\" data-element_type=\"widget\" data-widget_type=\"text-editor.default\">\n\t\t\t\t<div class=\"elementor-widget-container\">\n\t\t\t\t\t\t\t\t\tBianco Borgo San Pietro IGT is an elegant blend of native grapes from the Ligurian Riviera di Levante: Albarola, Bosco and Vermentino. With its straw yellow color, enhanced by golden highlights, this wine stands out for its savory and aromatic profile. \nPerfect to accompany traditional Ligurian cuisine, particularly fish dishes, Bianco Borgo San Pietro IGT is the result of a passion that celebrates our territory.\n\t\t\t\t\t\t\t\t<\/div>\n\t\t\t\t<\/div>\n\t\t\t\t\t<\/div>\n\t\t<\/div>\n\t\t\t\t<div class=\"elementor-column elementor-col-33 elementor-top-column elementor-element elementor-element-a273ac2\" data-id=\"a273ac2\" data-element_type=\"column\">\n\t\t\t<div class=\"elementor-widget-wrap elementor-element-populated\">\n\t\t\t\t\t\t<div class=\"elementor-element elementor-element-1bfdcb5 elementor-widget elementor-widget-image\" data-id=\"1bfdcb5\" data-element_type=\"widget\" data-widget_type=\"image.default\">\n\t\t\t\t<div class=\"elementor-widget-container\">\n\t\t\t\t\t\t\t\t\t\t\t\t\t\t\t<img decoding=\"async\" width=\"800\" height=\"1000\" src=\"https:\/\/sanpietroapartments.com\/wp-content\/uploads\/2025\/08\/DSC05890-819x1024.jpg\" class=\"attachment-large size-large wp-image-22219\" alt=\"\" srcset=\"https:\/\/sanpietroapartments.com\/wp-content\/uploads\/2025\/08\/DSC05890-819x1024.jpg 819w, https:\/\/sanpietroapartments.com\/wp-content\/uploads\/2025\/08\/DSC05890-240x300.jpg 240w, https:\/\/sanpietroapartments.com\/wp-content\/uploads\/2025\/08\/DSC05890-768x960.jpg 768w, https:\/\/sanpietroapartments.com\/wp-content\/uploads\/2025\/08\/DSC05890-1229x1536.jpg 1229w, https:\/\/sanpietroapartments.com\/wp-content\/uploads\/2025\/08\/DSC05890-1638x2048.jpg 1638w, https:\/\/sanpietroapartments.com\/wp-content\/uploads\/2025\/08\/DSC05890-10x12.jpg 10w, https:\/\/sanpietroapartments.com\/wp-content\/uploads\/2025\/08\/DSC05890.jpg 1920w\" sizes=\"(max-width: 800px) 100vw, 800px\" \/>\t\t\t\t\t\t\t\t\t\t\t\t\t\t\t<\/div>\n\t\t\t\t<\/div>\n\t\t\t\t<div class=\"elementor-element elementor-element-1455c38 elementor-widget elementor-widget-heading\" data-id=\"1455c38\" data-element_type=\"widget\" data-widget_type=\"heading.default\">\n\t\t\t\t<div class=\"elementor-widget-container\">\n\t\t\t\t\t<h2 class=\"elementor-heading-title elementor-size-default\">Red Wine Borgo San Pietro IGT\n\n\n\n<\/h2>\t\t\t\t<\/div>\n\t\t\t\t<\/div>\n\t\t\t\t<div class=\"elementor-element elementor-element-a67bd98 elementor-widget elementor-widget-text-editor\" data-id=\"a67bd98\" data-element_type=\"widget\" data-widget_type=\"text-editor.default\">\n\t\t\t\t<div class=\"elementor-widget-container\">\n\t\t\t\t\t\t\t\t\tRosso Borgo San Pietro IGT is a rich, full-bodied wine made from Merlot and Ciliegiolo grapes grown in our vineyards. \nIts deep red color is accompanied by a balanced flavor profile, making it an ideal match for robust dishes such as red meats and game.\t\t\t\t\t\t\t\t<\/div>\n\t\t\t\t<\/div>\n\t\t\t\t\t<\/div>\n\t\t<\/div>\n\t\t\t\t\t<\/div>\n\t\t<\/section>\n\t\t\t\t<\/div>","protected":false},"excerpt":{"rendered":"<p>Borgo San Pietro Siamo liguri doc, legati alla nostra terra e alle tradizioni che ci legano ad essa STORIA DI Borgo San Pietro Abbiamo ricevuto dai nostri avi una porzione di paradiso La propriet\u00e0 si estende ai limiti della macchia mediterranea e comprende un ampio uliveto, una vasta zona riservata agli alberi da frutto e [&hellip;]<\/p>","protected":false},"author":1,"featured_media":0,"parent":0,"menu_order":0,"comment_status":"closed","ping_status":"closed","template":"elementor_header_footer","meta":{"footnotes":""},"class_list":["post-136","page","type-page","status-publish","hentry"],"_links":{"self":[{"href":"https:\/\/sanpietroapartments.com\/en\/wp-json\/wp\/v2\/pages\/136","targetHints":{"allow":["GET"]}}],"collection":[{"href":"https:\/\/sanpietroapartments.com\/en\/wp-json\/wp\/v2\/pages"}],"about":[{"href":"https:\/\/sanpietroapartments.com\/en\/wp-json\/wp\/v2\/types\/page"}],"author":[{"embeddable":true,"href":"https:\/\/sanpietroapartments.com\/en\/wp-json\/wp\/v2\/users\/1"}],"replies":[{"embeddable":true,"href":"https:\/\/sanpietroapartments.com\/en\/wp-json\/wp\/v2\/comments?post=136"}],"version-history":[{"count":121,"href":"https:\/\/sanpietroapartments.com\/en\/wp-json\/wp\/v2\/pages\/136\/revisions"}],"predecessor-version":[{"id":22222,"href":"https:\/\/sanpietroapartments.com\/en\/wp-json\/wp\/v2\/pages\/136\/revisions\/22222"}],"wp:attachment":[{"href":"https:\/\/sanpietroapartments.com\/en\/wp-json\/wp\/v2\/media?parent=136"}],"curies":[{"name":"wp","href":"https:\/\/api.w.org\/{rel}","templated":true}]}}